{"id":858,"date":"2024-07-04T23:48:10","date_gmt":"2024-07-04T21:48:10","guid":{"rendered":"https:\/\/luckycarssingen.de\/?page_id=858"},"modified":"2024-07-04T23:50:45","modified_gmt":"2024-07-04T21:50:45","slug":"cookies-einstellungen","status":"publish","type":"page","link":"https:\/\/luckycarssingen.de\/de\/cookies-einstellungen\/","title":{"rendered":"Cookies-Einstellungen"},"content":{"rendered":"<div data-elementor-type=\"wp-page\" data-elementor-id=\"858\" class=\"elementor elementor-858\" data-elementor-settings=\"{&quot;ha_cmc_init_switcher&quot;:&quot;no&quot;}\">\n\t\t\t\t\t\t<section class=\"elementor-section elementor-top-section elementor-element elementor-element-ca5a3df elementor-section-boxed elementor-section-height-default elementor-section-height-default exad-glass-effect-no wpr-particle-no wpr-jarallax-no wpr-parallax-no wpr-sticky-section-no exad-sticky-section-no\" data-id=\"ca5a3df\" data-element_type=\"section\" data-settings=\"{&quot;_ha_eqh_enable&quot;:false}\">\n\t\t\t\t\t\t<div class=\"elementor-container elementor-column-gap-default\">\n\t\t\t\t\t<div class=\"elementor-column elementor-col-100 elementor-top-column elementor-element elementor-element-1f07aba exad-glass-effect-no exad-sticky-section-no\" data-id=\"1f07aba\" data-element_type=\"column\">\n\t\t\t<div class=\"elementor-widget-wrap elementor-element-populated\">\n\t\t\t\t\t\t<div class=\"elementor-element elementor-element-3bf0f64 exad-sticky-section-no exad-glass-effect-no elementor-widget elementor-widget-spacer\" data-id=\"3bf0f64\" data-element_type=\"widget\" data-widget_type=\"spacer.default\">\n\t\t\t\t<div class=\"elementor-widget-container\">\n\t\t\t\t\t\t\t<div class=\"elementor-spacer\">\n\t\t\t<div class=\"elementor-spacer-inner\"><\/div>\n\t\t<\/div>\n\t\t\t\t\t\t<\/div>\n\t\t\t\t<\/div>\n\t\t\t\t<div class=\"elementor-element elementor-element-e73e457 exad-sticky-section-no exad-glass-effect-no elementor-invisible elementor-widget elementor-widget-heading\" data-id=\"e73e457\" data-element_type=\"widget\" data-settings=\"{&quot;_animation&quot;:&quot;fadeInUp&quot;,&quot;_animation_mobile&quot;:&quot;fadeInUp&quot;}\" data-widget_type=\"heading.default\">\n\t\t\t\t<div class=\"elementor-widget-container\">\n\t\t\t\t\t<h2 class=\"elementor-heading-title elementor-size-default\">Cookies-Einstellungen<\/h2>\t\t\t\t<\/div>\n\t\t\t\t<\/div>\n\t\t\t\t\t<\/div>\n\t\t<\/div>\n\t\t\t\t\t<\/div>\n\t\t<\/section>\n\t\t\t\t<section class=\"elementor-section elementor-top-section elementor-element elementor-element-2e6e16b elementor-section-boxed elementor-section-height-default elementor-section-height-default exad-glass-effect-no wpr-particle-no wpr-jarallax-no wpr-parallax-no wpr-sticky-section-no exad-sticky-section-no\" data-id=\"2e6e16b\" data-element_type=\"section\" data-settings=\"{&quot;_ha_eqh_enable&quot;:false}\">\n\t\t\t\t\t\t<div class=\"elementor-container elementor-column-gap-default\">\n\t\t\t\t\t<div class=\"elementor-column elementor-col-100 elementor-top-column elementor-element elementor-element-381b009 exad-glass-effect-no exad-sticky-section-no\" data-id=\"381b009\" data-element_type=\"column\">\n\t\t\t<div class=\"elementor-widget-wrap elementor-element-populated\">\n\t\t\t\t\t\t<div class=\"elementor-element elementor-element-ec6ea29 exad-sticky-section-no exad-glass-effect-no elementor-widget elementor-widget-spacer\" data-id=\"ec6ea29\" data-element_type=\"widget\" data-widget_type=\"spacer.default\">\n\t\t\t\t<div class=\"elementor-widget-container\">\n\t\t\t\t\t\t\t<div class=\"elementor-spacer\">\n\t\t\t<div class=\"elementor-spacer-inner\"><\/div>\n\t\t<\/div>\n\t\t\t\t\t\t<\/div>\n\t\t\t\t<\/div>\n\t\t\t\t<div class=\"elementor-element elementor-element-7abb988 exad-sticky-section-no exad-glass-effect-no elementor-widget elementor-widget-text-editor\" data-id=\"7abb988\" data-element_type=\"widget\" data-widget_type=\"text-editor.default\">\n\t\t\t\t<div class=\"elementor-widget-container\">\n\t\t\t\t\t\t\t\t\t<p>Verwendung von Cookies<br \/>Unsere Website, Lucky Cars, verwendet Cookies, um Ihr Nutzererlebnis zu verbessern, die Funktionalit\u00e4t der Website sicherzustellen und personalisierte Inhalte und Werbung bereitzustellen. Cookies sind kleine Textdateien, die auf Ihrem Ger\u00e4t gespeichert werden und Informationen \u00fcber Ihre Nutzung unserer Website sammeln.<\/p><p>Arten von Cookies, die wir verwenden:<br \/>Notwendige Cookies: Diese Cookies sind unerl\u00e4sslich, damit Sie sich auf der Website bewegen und ihre Funktionen nutzen k\u00f6nnen. Ohne diese Cookies k\u00f6nnen bestimmte Dienste, wie die Buchung von Autos, nicht bereitgestellt werden.<br \/>Performance-Cookies: Diese Cookies sammeln Informationen dar\u00fcber, wie Besucher unsere Website nutzen, z.B. welche Seiten am h\u00e4ufigsten besucht werden und ob sie Fehlermeldungen von Webseiten erhalten. Diese Cookies sammeln keine Informationen, die einen Besucher identifizieren. Alle Informationen, die diese Cookies sammeln, sind aggregiert und daher anonym.<br \/>Funktionale Cookies: Diese Cookies erm\u00f6glichen es der Website, sich an die von Ihnen getroffenen Entscheidungen (wie Ihren Benutzernamen, Ihre Sprache oder die Region, in der Sie sich befinden) zu erinnern und erweiterte, pers\u00f6nlichere Funktionen bereitzustellen.<br \/>Werbe-Cookies: Diese Cookies werden verwendet, um Werbung relevanter f\u00fcr Sie und Ihre Interessen zu machen. Sie werden auch verwendet, um die Anzahl der Male zu begrenzen, die Sie eine Anzeige sehen, und um die Wirksamkeit der Werbekampagnen zu messen.<br \/>Cookie-Einstellungen verwalten<br \/>Sie k\u00f6nnen Ihre Cookie-Einstellungen jederzeit \u00e4ndern oder widerrufen, indem Sie die Einstellungen in Ihrem Browser anpassen. Weitere Informationen zur Verwaltung und Deaktivierung von Cookies finden Sie in der Hilfe-Funktion Ihres Browsers.<\/p>\t\t\t\t\t\t\t\t<\/div>\n\t\t\t\t<\/div>\n\t\t\t\t\t<\/div>\n\t\t<\/div>\n\t\t\t\t\t<\/div>\n\t\t<\/section>\n\t\t\t\t<\/div>","protected":false},"excerpt":{"rendered":"<p>Cookies-Einstellungen Verwendung von CookiesUnsere Website, Lucky Cars, verwendet Cookies, um Ihr Nutzererlebnis zu verbessern, die Funktionalit\u00e4t der Website sicherzustellen und personalisierte Inhalte und Werbung bereitzustellen. Cookies sind kleine Textdateien, die auf Ihrem Ger\u00e4t gespeichert werden und Informationen \u00fcber Ihre Nutzung unserer Website sammeln. Arten von Cookies, die wir verwenden:Notwendige Cookies: Diese Cookies sind unerl\u00e4sslich, damit Sie sich auf der Website bewegen und ihre Funktionen nutzen k\u00f6nnen. Ohne diese Cookies k\u00f6nnen bestimmte Dienste, wie die Buchung von Autos, nicht bereitgestellt werden.Performance-Cookies: Diese Cookies sammeln Informationen dar\u00fcber, wie Besucher unsere Website nutzen, z.B. welche Seiten am h\u00e4ufigsten besucht werden und ob sie Fehlermeldungen von Webseiten erhalten. Diese Cookies sammeln keine Informationen, die einen Besucher identifizieren. Alle Informationen, die diese Cookies sammeln, sind aggregiert und daher anonym.Funktionale Cookies: Diese Cookies erm\u00f6glichen es der Website, sich an die von Ihnen getroffenen Entscheidungen (wie Ihren Benutzernamen, Ihre Sprache oder die Region, in der Sie sich befinden) zu erinnern und erweiterte, pers\u00f6nlichere Funktionen bereitzustellen.Werbe-Cookies: Diese Cookies werden verwendet, um Werbung relevanter f\u00fcr Sie und Ihre Interessen zu machen. Sie werden auch verwendet, um die Anzahl der Male zu begrenzen, die Sie eine Anzeige sehen, und um die Wirksamkeit der Werbekampagnen zu messen.Cookie-Einstellungen verwaltenSie k\u00f6nnen Ihre Cookie-Einstellungen jederzeit \u00e4ndern oder widerrufen, indem Sie die Einstellungen in Ihrem Browser anpassen. Weitere Informationen zur Verwaltung und Deaktivierung von Cookies finden Sie in der Hilfe-Funktion Ihres Browsers.<\/p>","protected":false},"author":1,"featured_media":0,"parent":0,"menu_order":0,"comment_status":"closed","ping_status":"closed","template":"","meta":{"footnotes":""},"class_list":["post-858","page","type-page","status-publish","hentry"],"_links":{"self":[{"href":"https:\/\/luckycarssingen.de\/de\/wp-json\/wp\/v2\/pages\/858","targetHints":{"allow":["GET"]}}],"collection":[{"href":"https:\/\/luckycarssingen.de\/de\/wp-json\/wp\/v2\/pages"}],"about":[{"href":"https:\/\/luckycarssingen.de\/de\/wp-json\/wp\/v2\/types\/page"}],"author":[{"embeddable":true,"href":"https:\/\/luckycarssingen.de\/de\/wp-json\/wp\/v2\/users\/1"}],"replies":[{"embeddable":true,"href":"https:\/\/luckycarssingen.de\/de\/wp-json\/wp\/v2\/comments?post=858"}],"version-history":[{"count":4,"href":"https:\/\/luckycarssingen.de\/de\/wp-json\/wp\/v2\/pages\/858\/revisions"}],"predecessor-version":[{"id":863,"href":"https:\/\/luckycarssingen.de\/de\/wp-json\/wp\/v2\/pages\/858\/revisions\/863"}],"wp:attachment":[{"href":"https:\/\/luckycarssingen.de\/de\/wp-json\/wp\/v2\/media?parent=858"}],"curies":[{"name":"wp","href":"https:\/\/api.w.org\/{rel}","templated":true}]}}